{"id":8080,"date":"2023-08-22T12:24:23","date_gmt":"2023-08-22T09:24:23","guid":{"rendered":"https:\/\/www.syroxistoc.com\/?post_type=product&#038;p=8080"},"modified":"2023-08-24T10:11:35","modified_gmt":"2023-08-24T07:11:35","slug":"dramex-h20-arac-ici-miknatisli-tutacak","status":"publish","type":"product","link":"https:\/\/www.syroxistoc.com\/?product=dramex-h20-arac-ici-miknatisli-tutacak","title":{"rendered":"DRAMEX H20 ARA\u00c7 \u0130\u00c7\u0130 MIKNATISLI TUTACAK"},"content":{"rendered":"","protected":false},"excerpt":{"rendered":"","protected":false},"featured_media":8084,"template":"","meta":[],"product_cat":[37],"product_tag":[],"class_list":{"0":"post-8080","1":"product","2":"type-product","3":"status-publish","4":"has-post-thumbnail","6":"product_cat-telefon-tutucular","7":"entry","8":"has-media","10":"first","11":"instock","12":"shipping-taxable","13":"product-type-simple","14":"col","15":"span_1_of_3","16":"wvn-content-center","17":"item-entry","18":"wvn-thumbs-layout-horizontal","19":"wvn-btn-normal","20":"wvn-tabs-layout-horizontal"},"_links":{"self":[{"href":"https:\/\/www.syroxistoc.com\/index.php?rest_route=\/wp\/v2\/product\/8080","targetHints":{"allow":["GET"]}}],"collection":[{"href":"https:\/\/www.syroxistoc.com\/index.php?rest_route=\/wp\/v2\/product"}],"about":[{"href":"https:\/\/www.syroxistoc.com\/index.php?rest_route=\/wp\/v2\/types\/product"}],"wp:featuredmedia":[{"embeddable":true,"href":"https:\/\/www.syroxistoc.com\/index.php?rest_route=\/wp\/v2\/media\/8084"}],"wp:attachment":[{"href":"https:\/\/www.syroxistoc.com\/index.php?rest_route=%2Fwp%2Fv2%2Fmedia&parent=8080"}],"wp:term":[{"taxonomy":"product_cat","embeddable":true,"href":"https:\/\/www.syroxistoc.com\/index.php?rest_route=%2Fwp%2Fv2%2Fproduct_cat&post=8080"},{"taxonomy":"product_tag","embeddable":true,"href":"https:\/\/www.syroxistoc.com\/index.php?rest_route=%2Fwp%2Fv2%2Fproduct_tag&post=8080"}],"curies":[{"name":"wp","href":"https:\/\/api.w.org\/{rel}","templated":true}]}}