{"id":7771,"date":"2023-08-15T11:31:43","date_gmt":"2023-08-15T08:31:43","guid":{"rendered":"https:\/\/www.syroxistoc.com\/?post_type=product&#038;p=7771"},"modified":"2023-08-15T11:32:48","modified_gmt":"2023-08-15T08:32:48","slug":"syrox-ph36-arac-ici-manyetik-telefon-tutucu","status":"publish","type":"product","link":"https:\/\/www.syroxistoc.com\/?product=syrox-ph36-arac-ici-manyetik-telefon-tutucu","title":{"rendered":"SYROX PH36 ARA\u00c7 \u0130\u00c7\u0130 MANYET\u0130K TELEFON TUTUCU"},"content":{"rendered":"","protected":false},"excerpt":{"rendered":"","protected":false},"featured_media":7762,"template":"","meta":[],"product_cat":[15,37],"product_tag":[],"class_list":{"0":"post-7771","1":"product","2":"type-product","3":"status-publish","4":"has-post-thumbnail","6":"product_cat-uncategorized","7":"product_cat-telefon-tutucular","8":"entry","9":"has-media","11":"first","12":"instock","13":"shipping-taxable","14":"product-type-simple","15":"col","16":"span_1_of_3","17":"wvn-content-center","18":"item-entry","19":"wvn-thumbs-layout-horizontal","20":"wvn-btn-normal","21":"wvn-tabs-layout-horizontal"},"_links":{"self":[{"href":"https:\/\/www.syroxistoc.com\/index.php?rest_route=\/wp\/v2\/product\/7771","targetHints":{"allow":["GET"]}}],"collection":[{"href":"https:\/\/www.syroxistoc.com\/index.php?rest_route=\/wp\/v2\/product"}],"about":[{"href":"https:\/\/www.syroxistoc.com\/index.php?rest_route=\/wp\/v2\/types\/product"}],"wp:featuredmedia":[{"embeddable":true,"href":"https:\/\/www.syroxistoc.com\/index.php?rest_route=\/wp\/v2\/media\/7762"}],"wp:attachment":[{"href":"https:\/\/www.syroxistoc.com\/index.php?rest_route=%2Fwp%2Fv2%2Fmedia&parent=7771"}],"wp:term":[{"taxonomy":"product_cat","embeddable":true,"href":"https:\/\/www.syroxistoc.com\/index.php?rest_route=%2Fwp%2Fv2%2Fproduct_cat&post=7771"},{"taxonomy":"product_tag","embeddable":true,"href":"https:\/\/www.syroxistoc.com\/index.php?rest_route=%2Fwp%2Fv2%2Fproduct_tag&post=7771"}],"curies":[{"name":"wp","href":"https:\/\/api.w.org\/{rel}","templated":true}]}}