{"id":7768,"date":"2023-08-15T11:27:50","date_gmt":"2023-08-15T08:27:50","guid":{"rendered":"https:\/\/www.syroxistoc.com\/?post_type=product&#038;p=7768"},"modified":"2023-08-15T11:27:50","modified_gmt":"2023-08-15T08:27:50","slug":"syrox-ph34-arac-ici-manyetik-telefon-tutucu","status":"publish","type":"product","link":"https:\/\/www.syroxistoc.com\/?product=syrox-ph34-arac-ici-manyetik-telefon-tutucu","title":{"rendered":"SYROX PH34 ARA\u00c7 \u0130\u00c7\u0130 MANYET\u0130K TELEFON TUTUCU"},"content":{"rendered":"","protected":false},"excerpt":{"rendered":"","protected":false},"featured_media":7761,"template":"","meta":[],"product_cat":[37],"product_tag":[],"class_list":{"0":"post-7768","1":"product","2":"type-product","3":"status-publish","4":"has-post-thumbnail","6":"product_cat-telefon-tutucular","7":"entry","8":"has-media","10":"first","11":"instock","12":"shipping-taxable","13":"product-type-simple","14":"col","15":"span_1_of_3","16":"wvn-content-center","17":"item-entry","18":"wvn-thumbs-layout-horizontal","19":"wvn-btn-normal","20":"wvn-tabs-layout-horizontal"},"_links":{"self":[{"href":"https:\/\/www.syroxistoc.com\/index.php?rest_route=\/wp\/v2\/product\/7768","targetHints":{"allow":["GET"]}}],"collection":[{"href":"https:\/\/www.syroxistoc.com\/index.php?rest_route=\/wp\/v2\/product"}],"about":[{"href":"https:\/\/www.syroxistoc.com\/index.php?rest_route=\/wp\/v2\/types\/product"}],"wp:featuredmedia":[{"embeddable":true,"href":"https:\/\/www.syroxistoc.com\/index.php?rest_route=\/wp\/v2\/media\/7761"}],"wp:attachment":[{"href":"https:\/\/www.syroxistoc.com\/index.php?rest_route=%2Fwp%2Fv2%2Fmedia&parent=7768"}],"wp:term":[{"taxonomy":"product_cat","embeddable":true,"href":"https:\/\/www.syroxistoc.com\/index.php?rest_route=%2Fwp%2Fv2%2Fproduct_cat&post=7768"},{"taxonomy":"product_tag","embeddable":true,"href":"https:\/\/www.syroxistoc.com\/index.php?rest_route=%2Fwp%2Fv2%2Fproduct_tag&post=7768"}],"curies":[{"name":"wp","href":"https:\/\/api.w.org\/{rel}","templated":true}]}}