{"id":7378,"date":"2022-02-24T15:49:27","date_gmt":"2022-02-24T12:49:27","guid":{"rendered":"http:\/\/www.syroxistoc.com\/?post_type=product&#038;p=7378"},"modified":"2022-02-24T15:49:27","modified_gmt":"2022-02-24T12:49:27","slug":"syrox-j51-2-6a-eco-sarj-adaptoru","status":"publish","type":"product","link":"https:\/\/www.syroxistoc.com\/?product=syrox-j51-2-6a-eco-sarj-adaptoru","title":{"rendered":"Syrox J51 2.6A ECO \u015earj Adapt\u00f6r\u00fc"},"content":{"rendered":"","protected":false},"excerpt":{"rendered":"","protected":false},"featured_media":7379,"template":"","meta":[],"product_cat":[33],"product_tag":[],"class_list":{"0":"post-7378","1":"product","2":"type-product","3":"status-publish","4":"has-post-thumbnail","6":"product_cat-adabtor","7":"entry","8":"has-media","10":"first","11":"instock","12":"shipping-taxable","13":"product-type-simple","14":"col","15":"span_1_of_3","16":"wvn-content-center","17":"item-entry","18":"wvn-thumbs-layout-horizontal","19":"wvn-btn-normal","20":"wvn-tabs-layout-horizontal"},"_links":{"self":[{"href":"https:\/\/www.syroxistoc.com\/index.php?rest_route=\/wp\/v2\/product\/7378","targetHints":{"allow":["GET"]}}],"collection":[{"href":"https:\/\/www.syroxistoc.com\/index.php?rest_route=\/wp\/v2\/product"}],"about":[{"href":"https:\/\/www.syroxistoc.com\/index.php?rest_route=\/wp\/v2\/types\/product"}],"wp:featuredmedia":[{"embeddable":true,"href":"https:\/\/www.syroxistoc.com\/index.php?rest_route=\/wp\/v2\/media\/7379"}],"wp:attachment":[{"href":"https:\/\/www.syroxistoc.com\/index.php?rest_route=%2Fwp%2Fv2%2Fmedia&parent=7378"}],"wp:term":[{"taxonomy":"product_cat","embeddable":true,"href":"https:\/\/www.syroxistoc.com\/index.php?rest_route=%2Fwp%2Fv2%2Fproduct_cat&post=7378"},{"taxonomy":"product_tag","embeddable":true,"href":"https:\/\/www.syroxistoc.com\/index.php?rest_route=%2Fwp%2Fv2%2Fproduct_tag&post=7378"}],"curies":[{"name":"wp","href":"https:\/\/api.w.org\/{rel}","templated":true}]}}