{"id":5353,"date":"2019-11-14T09:26:01","date_gmt":"2019-11-14T06:26:01","guid":{"rendered":"http:\/\/www.syroxistoc.com\/product\/syrox-s32-bluetooth-k-ici-miknatisli-cift-batarya\/"},"modified":"2019-11-14T09:26:01","modified_gmt":"2019-11-14T06:26:01","slug":"syrox-s32-bluetooth-k-ici-miknatisli-cift-batarya","status":"publish","type":"product","link":"https:\/\/www.syroxistoc.com\/?product=syrox-s32-bluetooth-k-ici-miknatisli-cift-batarya","title":{"rendered":"Syrox S32 Bluetooth K.\u0130\u00e7i M\u0131knat\u0131sl\u0131 \/ \u00c7ift Batarya"},"content":{"rendered":"","protected":false},"excerpt":{"rendered":"<p>Paket Adeti 10 Ad.<\/p>\n<hr \/>\n<p>Koli Adeti 40 Ad.<\/p>\n<hr \/>\n<p>&nbsp;<\/p>\n","protected":false},"featured_media":5354,"template":"","meta":[],"product_cat":[19],"product_tag":[],"class_list":{"0":"post-5353","1":"product","2":"type-product","3":"status-publish","4":"has-post-thumbnail","6":"product_cat-kulakliklar","7":"entry","8":"has-media","10":"first","11":"instock","12":"shipping-taxable","13":"purchasable","14":"product-type-simple","15":"col","16":"span_1_of_3","17":"wvn-content-center","18":"item-entry","19":"wvn-thumbs-layout-horizontal","20":"wvn-btn-normal","21":"wvn-tabs-layout-horizontal","22":"has-no-thumbnails"},"_links":{"self":[{"href":"https:\/\/www.syroxistoc.com\/index.php?rest_route=\/wp\/v2\/product\/5353","targetHints":{"allow":["GET"]}}],"collection":[{"href":"https:\/\/www.syroxistoc.com\/index.php?rest_route=\/wp\/v2\/product"}],"about":[{"href":"https:\/\/www.syroxistoc.com\/index.php?rest_route=\/wp\/v2\/types\/product"}],"wp:featuredmedia":[{"embeddable":true,"href":"https:\/\/www.syroxistoc.com\/index.php?rest_route=\/wp\/v2\/media\/5354"}],"wp:attachment":[{"href":"https:\/\/www.syroxistoc.com\/index.php?rest_route=%2Fwp%2Fv2%2Fmedia&parent=5353"}],"wp:term":[{"taxonomy":"product_cat","embeddable":true,"href":"https:\/\/www.syroxistoc.com\/index.php?rest_route=%2Fwp%2Fv2%2Fproduct_cat&post=5353"},{"taxonomy":"product_tag","embeddable":true,"href":"https:\/\/www.syroxistoc.com\/index.php?rest_route=%2Fwp%2Fv2%2Fproduct_tag&post=5353"}],"curies":[{"name":"wp","href":"https:\/\/api.w.org\/{rel}","templated":true}]}}