{"id":4792,"date":"2019-11-06T06:20:53","date_gmt":"2019-11-06T03:20:53","guid":{"rendered":"http:\/\/www.syroxistoc.com\/product\/syrox-h10-miknatisli-arac-telefon-tutucu\/"},"modified":"2023-08-24T10:10:38","modified_gmt":"2023-08-24T07:10:38","slug":"syrox-h10-miknatisli-arac-telefon-tutucu","status":"publish","type":"product","link":"https:\/\/www.syroxistoc.com\/?product=syrox-h10-miknatisli-arac-telefon-tutucu","title":{"rendered":"Syrox H10 M\u0131knat\u0131sl\u0131 Ara\u00e7 Telefon Tutucu"},"content":{"rendered":"","protected":false},"excerpt":{"rendered":"<p>Paket Adeti 20 Ad.<\/p>\n<hr \/>\n<p>Koli Adeti 200 Ad.<\/p>\n<hr \/>\n<p>&nbsp;<\/p>\n","protected":false},"featured_media":4793,"template":"","meta":[],"product_cat":[37],"product_tag":[],"class_list":{"0":"post-4792","1":"product","2":"type-product","3":"status-publish","4":"has-post-thumbnail","6":"product_cat-telefon-tutucular","7":"entry","8":"has-media","10":"first","11":"instock","12":"shipping-taxable","13":"purchasable","14":"product-type-simple","15":"col","16":"span_1_of_3","17":"wvn-content-center","18":"item-entry","19":"wvn-thumbs-layout-horizontal","20":"wvn-btn-normal","21":"wvn-tabs-layout-horizontal"},"_links":{"self":[{"href":"https:\/\/www.syroxistoc.com\/index.php?rest_route=\/wp\/v2\/product\/4792","targetHints":{"allow":["GET"]}}],"collection":[{"href":"https:\/\/www.syroxistoc.com\/index.php?rest_route=\/wp\/v2\/product"}],"about":[{"href":"https:\/\/www.syroxistoc.com\/index.php?rest_route=\/wp\/v2\/types\/product"}],"wp:featuredmedia":[{"embeddable":true,"href":"https:\/\/www.syroxistoc.com\/index.php?rest_route=\/wp\/v2\/media\/4793"}],"wp:attachment":[{"href":"https:\/\/www.syroxistoc.com\/index.php?rest_route=%2Fwp%2Fv2%2Fmedia&parent=4792"}],"wp:term":[{"taxonomy":"product_cat","embeddable":true,"href":"https:\/\/www.syroxistoc.com\/index.php?rest_route=%2Fwp%2Fv2%2Fproduct_cat&post=4792"},{"taxonomy":"product_tag","embeddable":true,"href":"https:\/\/www.syroxistoc.com\/index.php?rest_route=%2Fwp%2Fv2%2Fproduct_tag&post=4792"}],"curies":[{"name":"wp","href":"https:\/\/api.w.org\/{rel}","templated":true}]}}