{"id":4771,"date":"2019-11-05T13:43:04","date_gmt":"2019-11-05T10:43:04","guid":{"rendered":"http:\/\/www.syroxistoc.com\/product\/syrox-dt12-usb-giris-micro-uc-cikis-otg-donusturucu\/"},"modified":"2019-11-05T13:43:04","modified_gmt":"2019-11-05T10:43:04","slug":"syrox-dt12-usb-giris-micro-uc-cikis-otg-donusturucu","status":"publish","type":"product","link":"https:\/\/www.syroxistoc.com\/?product=syrox-dt12-usb-giris-micro-uc-cikis-otg-donusturucu","title":{"rendered":"Syrox DT12 Usb Giri\u015f Micro U\u00e7 \u00c7\u0131k\u0131\u015f OTG D\u00f6n\u00fc\u015ft\u00fcr\u00fcc\u00fc"},"content":{"rendered":"","protected":false},"excerpt":{"rendered":"<p>Paket Adeti 30 Ad.<\/p>\n<hr \/>\n<p>&nbsp;<\/p>\n","protected":false},"featured_media":4772,"template":"","meta":[],"product_cat":[21],"product_tag":[],"class_list":{"0":"post-4771","1":"product","2":"type-product","3":"status-publish","4":"has-post-thumbnail","6":"product_cat-telefon-aksesuarlari","7":"entry","8":"has-media","10":"first","11":"instock","12":"shipping-taxable","13":"purchasable","14":"product-type-simple","15":"col","16":"span_1_of_3","17":"wvn-content-center","18":"item-entry","19":"wvn-thumbs-layout-horizontal","20":"wvn-btn-normal","21":"wvn-tabs-layout-horizontal"},"_links":{"self":[{"href":"https:\/\/www.syroxistoc.com\/index.php?rest_route=\/wp\/v2\/product\/4771","targetHints":{"allow":["GET"]}}],"collection":[{"href":"https:\/\/www.syroxistoc.com\/index.php?rest_route=\/wp\/v2\/product"}],"about":[{"href":"https:\/\/www.syroxistoc.com\/index.php?rest_route=\/wp\/v2\/types\/product"}],"wp:featuredmedia":[{"embeddable":true,"href":"https:\/\/www.syroxistoc.com\/index.php?rest_route=\/wp\/v2\/media\/4772"}],"wp:attachment":[{"href":"https:\/\/www.syroxistoc.com\/index.php?rest_route=%2Fwp%2Fv2%2Fmedia&parent=4771"}],"wp:term":[{"taxonomy":"product_cat","embeddable":true,"href":"https:\/\/www.syroxistoc.com\/index.php?rest_route=%2Fwp%2Fv2%2Fproduct_cat&post=4771"},{"taxonomy":"product_tag","embeddable":true,"href":"https:\/\/www.syroxistoc.com\/index.php?rest_route=%2Fwp%2Fv2%2Fproduct_tag&post=4771"}],"curies":[{"name":"wp","href":"https:\/\/api.w.org\/{rel}","templated":true}]}}