{"id":4765,"date":"2019-11-05T13:17:38","date_gmt":"2019-11-05T10:17:38","guid":{"rendered":"http:\/\/www.syroxistoc.com\/product\/syrox-dt10-sim-card-donusturucu-4lu-set\/"},"modified":"2019-11-05T13:17:38","modified_gmt":"2019-11-05T10:17:38","slug":"syrox-dt10-sim-card-donusturucu-4lu-set","status":"publish","type":"product","link":"https:\/\/www.syroxistoc.com\/?product=syrox-dt10-sim-card-donusturucu-4lu-set","title":{"rendered":"Syrox DT10 Sim Card D\u00f6n\u00fc\u015ft\u00fcr\u00fcc\u00fc 4&#8217;l\u00fc Set"},"content":{"rendered":"","protected":false},"excerpt":{"rendered":"<p>Paket Adeti 20 Ad.<\/p>\n<hr \/>\n<p>Koli Adeti 500 Ad.<\/p>\n<hr \/>\n<p>&nbsp;<\/p>\n","protected":false},"featured_media":4766,"template":"","meta":[],"product_cat":[21],"product_tag":[],"class_list":{"0":"post-4765","1":"product","2":"type-product","3":"status-publish","4":"has-post-thumbnail","6":"product_cat-telefon-aksesuarlari","7":"entry","8":"has-media","10":"first","11":"instock","12":"shipping-taxable","13":"purchasable","14":"product-type-simple","15":"col","16":"span_1_of_3","17":"wvn-content-center","18":"item-entry","19":"wvn-thumbs-layout-horizontal","20":"wvn-btn-normal","21":"wvn-tabs-layout-horizontal"},"_links":{"self":[{"href":"https:\/\/www.syroxistoc.com\/index.php?rest_route=\/wp\/v2\/product\/4765","targetHints":{"allow":["GET"]}}],"collection":[{"href":"https:\/\/www.syroxistoc.com\/index.php?rest_route=\/wp\/v2\/product"}],"about":[{"href":"https:\/\/www.syroxistoc.com\/index.php?rest_route=\/wp\/v2\/types\/product"}],"wp:featuredmedia":[{"embeddable":true,"href":"https:\/\/www.syroxistoc.com\/index.php?rest_route=\/wp\/v2\/media\/4766"}],"wp:attachment":[{"href":"https:\/\/www.syroxistoc.com\/index.php?rest_route=%2Fwp%2Fv2%2Fmedia&parent=4765"}],"wp:term":[{"taxonomy":"product_cat","embeddable":true,"href":"https:\/\/www.syroxistoc.com\/index.php?rest_route=%2Fwp%2Fv2%2Fproduct_cat&post=4765"},{"taxonomy":"product_tag","embeddable":true,"href":"https:\/\/www.syroxistoc.com\/index.php?rest_route=%2Fwp%2Fv2%2Fproduct_tag&post=4765"}],"curies":[{"name":"wp","href":"https:\/\/api.w.org\/{rel}","templated":true}]}}