{"id":4628,"date":"2019-11-02T11:41:37","date_gmt":"2019-11-02T08:41:37","guid":{"rendered":"http:\/\/www.syroxistoc.com\/product\/syrox-k11-stereo-kulaklik-buyuk-aux-mikrofon\/"},"modified":"2020-01-27T15:18:37","modified_gmt":"2020-01-27T12:18:37","slug":"syrox-k11-stereo-kulaklik-buyuk-aux-mikrofon","status":"publish","type":"product","link":"https:\/\/www.syroxistoc.com\/?product=syrox-k11-stereo-kulaklik-buyuk-aux-mikrofon","title":{"rendered":"Syrox K11 Stereo Kulakl\u0131k B\u00fcy\u00fck \/ AUX &#8211; Mikrofon"},"content":{"rendered":"","protected":false},"excerpt":{"rendered":"<p>Koli Adeti 50 Ad.<\/p>\n<hr \/>\n<p>&nbsp;<\/p>\n","protected":false},"featured_media":4629,"template":"","meta":[],"product_cat":[19],"product_tag":[],"class_list":{"0":"post-4628","1":"product","2":"type-product","3":"status-publish","4":"has-post-thumbnail","6":"product_cat-kulakliklar","7":"entry","8":"has-media","10":"first","11":"instock","12":"shipping-taxable","13":"purchasable","14":"product-type-simple","15":"col","16":"span_1_of_3","17":"wvn-content-center","18":"item-entry","19":"wvn-thumbs-layout-horizontal","20":"wvn-btn-normal","21":"wvn-tabs-layout-horizontal"},"_links":{"self":[{"href":"https:\/\/www.syroxistoc.com\/index.php?rest_route=\/wp\/v2\/product\/4628","targetHints":{"allow":["GET"]}}],"collection":[{"href":"https:\/\/www.syroxistoc.com\/index.php?rest_route=\/wp\/v2\/product"}],"about":[{"href":"https:\/\/www.syroxistoc.com\/index.php?rest_route=\/wp\/v2\/types\/product"}],"wp:featuredmedia":[{"embeddable":true,"href":"https:\/\/www.syroxistoc.com\/index.php?rest_route=\/wp\/v2\/media\/4629"}],"wp:attachment":[{"href":"https:\/\/www.syroxistoc.com\/index.php?rest_route=%2Fwp%2Fv2%2Fmedia&parent=4628"}],"wp:term":[{"taxonomy":"product_cat","embeddable":true,"href":"https:\/\/www.syroxistoc.com\/index.php?rest_route=%2Fwp%2Fv2%2Fproduct_cat&post=4628"},{"taxonomy":"product_tag","embeddable":true,"href":"https:\/\/www.syroxistoc.com\/index.php?rest_route=%2Fwp%2Fv2%2Fproduct_tag&post=4628"}],"curies":[{"name":"wp","href":"https:\/\/api.w.org\/{rel}","templated":true}]}}